{"id":112,"date":"2024-09-13T14:48:26","date_gmt":"2024-09-13T11:48:26","guid":{"rendered":"https:\/\/maybgame.org\/?page_id=112"},"modified":"2024-09-13T14:49:46","modified_gmt":"2024-09-13T11:49:46","slug":"blog","status":"publish","type":"page","link":"https:\/\/maybgame.org\/index.php\/blog\/","title":{"rendered":"Blog"},"content":{"rendered":"\t\t<div data-elementor-type=\"wp-page\" data-elementor-id=\"112\" class=\"elementor elementor-112\" data-elementor-post-type=\"page\">\n\t\t\t\t<div class=\"elementor-element elementor-element-38ba36d e-flex e-con-boxed e-con e-parent\" data-id=\"38ba36d\" data-element_type=\"container\">\n\t\t\t\t\t<div class=\"e-con-inner\">\n\t\t\t\t<div class=\"elementor-element elementor-element-d0c6a7d elementor-widget elementor-widget-spacer\" data-id=\"d0c6a7d\" data-element_type=\"widget\" data-widget_type=\"spacer.default\">\n\t\t\t\t<div class=\"elementor-widget-container\">\n\t\t\t\t\t<div class=\"elementor-spacer\">\n\t\t\t<div class=\"elementor-spacer-inner\"><\/div>\n\t\t<\/div>\n\t\t\t\t<\/div>\n\t\t\t\t<\/div>\n\t\t\t\t\t<\/div>\n\t\t\t\t<\/div>\n\t\t<div class=\"elementor-element elementor-element-50ab13a e-flex e-con-boxed e-con e-parent\" data-id=\"50ab13a\" data-element_type=\"container\" data-settings=\"{&quot;background_background&quot;:&quot;classic&quot;}\">\n\t\t\t\t\t<div class=\"e-con-inner\">\n\t\t\t\t<div class=\"elementor-element elementor-element-4998e26 elementor-view-default elementor-position-top elementor-mobile-position-top elementor-widget elementor-widget-icon-box\" data-id=\"4998e26\" data-element_type=\"widget\" data-widget_type=\"icon-box.default\">\n\t\t\t\t<div class=\"elementor-widget-container\">\n\t\t\t\t\t<div class=\"elementor-icon-box-wrapper\">\n\n\t\t\t\t\t\t<div class=\"elementor-icon-box-icon\">\n\t\t\t\t<span  class=\"elementor-icon elementor-animation-\">\n\t\t\t\t<svg xmlns=\"http:\/\/www.w3.org\/2000\/svg\" width=\"26\" height=\"27\" viewBox=\"0 0 26 27\" fill=\"none\"><path fill-rule=\"evenodd\" clip-rule=\"evenodd\" d=\"M0 5.13636C0 2.57577 2.07577 0.5 4.63636 0.5H6.61111V3.5H4.63636C3.73262 3.5 3 4.23262 3 5.13636V7.11111H0V5.13636Z\" fill=\"#9D2AF7\"><\/path><path fill-rule=\"evenodd\" clip-rule=\"evenodd\" d=\"M0 21.8636C0 24.4242 2.07577 26.5 4.63636 26.5H6.61111V23.5H4.63636C3.73262 23.5 3 22.7674 3 21.8636V19.8889H0V21.8636Z\" fill=\"#9D2AF7\"><\/path><path fill-rule=\"evenodd\" clip-rule=\"evenodd\" d=\"M26 5.13636C26 2.57577 23.9242 0.5 21.3636 0.5H19.3889V3.5H21.3636C22.2674 3.5 23 4.23262 23 5.13636V7.11111H26V5.13636Z\" fill=\"#9D2AF7\"><\/path><path fill-rule=\"evenodd\" clip-rule=\"evenodd\" d=\"M26 21.8636C26 24.4242 23.9242 26.5 21.3636 26.5H19.3889V23.5H21.3636C22.2674 23.5 23 22.7674 23 21.8636V19.8889H26V21.8636Z\" fill=\"#9D2AF7\"><\/path><\/svg>\t\t\t\t<\/span>\n\t\t\t<\/div>\n\t\t\t\n\t\t\t\t\t\t<div class=\"elementor-icon-box-content\">\n\n\t\t\t\t\t\t\t\t\t<h6 class=\"elementor-icon-box-title\">\n\t\t\t\t\t\t<span  >\n\t\t\t\t\t\t\tMAYB GAME\t\t\t\t\t\t<\/span>\n\t\t\t\t\t<\/h6>\n\t\t\t\t\n\t\t\t\t\n\t\t\t<\/div>\n\t\t\t\n\t\t<\/div>\n\t\t\t\t<\/div>\n\t\t\t\t<\/div>\n\t\t\t\t<div class=\"elementor-element elementor-element-4450d94 elementor-widget elementor-widget-mfn_blog\" data-id=\"4450d94\" data-element_type=\"widget\" data-widget_type=\"mfn_blog.default\">\n\t\t\t\t<div class=\"elementor-widget-container\">\n\t\t\t<div class=\"column_filters\"><div class=\"blog_wrapper isotope_wrapper clearfix\"><div class=\"posts_group lm_wrapper col-3 grid\"><\/div><\/div>\n<\/div>\n\t\t<\/div>\n\t\t\t\t<\/div>\n\t\t\t\t\t<\/div>\n\t\t\t\t<\/div>\n\t\t\t\t<\/div>\n\t\t","protected":false},"excerpt":{"rendered":"<p>MAYB GAME 12 Eyl\u00fcl 2024Published by mayb on 12 Eyl\u00fcl 2024Categories Genel Merhaba d\u00fcnya! WordPress&#8217;e ho\u015f geldiniz. Bu sizin ilk yaz\u0131n\u0131z. Bu yaz\u0131y\u0131 d\u00fczenleyin ya da<span class=\"excerpt-hellip\"> [\u2026]<\/span><\/p>\n","protected":false},"author":1,"featured_media":0,"parent":0,"menu_order":0,"comment_status":"closed","ping_status":"closed","template":"","meta":{"footnotes":""},"class_list":["post-112","page","type-page","status-publish","hentry"],"_links":{"self":[{"href":"https:\/\/maybgame.org\/index.php\/wp-json\/wp\/v2\/pages\/112","targetHints":{"allow":["GET"]}}],"collection":[{"href":"https:\/\/maybgame.org\/index.php\/wp-json\/wp\/v2\/pages"}],"about":[{"href":"https:\/\/maybgame.org\/index.php\/wp-json\/wp\/v2\/types\/page"}],"author":[{"embeddable":true,"href":"https:\/\/maybgame.org\/index.php\/wp-json\/wp\/v2\/users\/1"}],"replies":[{"embeddable":true,"href":"https:\/\/maybgame.org\/index.php\/wp-json\/wp\/v2\/comments?post=112"}],"version-history":[{"count":4,"href":"https:\/\/maybgame.org\/index.php\/wp-json\/wp\/v2\/pages\/112\/revisions"}],"predecessor-version":[{"id":116,"href":"https:\/\/maybgame.org\/index.php\/wp-json\/wp\/v2\/pages\/112\/revisions\/116"}],"wp:attachment":[{"href":"https:\/\/maybgame.org\/index.php\/wp-json\/wp\/v2\/media?parent=112"}],"curies":[{"name":"wp","href":"https:\/\/api.w.org\/{rel}","templated":true}]}}